{"id":2,"date":"2025-08-31T10:50:21","date_gmt":"2025-08-31T10:50:21","guid":{"rendered":"http:\/\/r-editions.com\/?page_id=2"},"modified":"2026-04-02T15:41:56","modified_gmt":"2026-04-02T13:41:56","slug":"accueil","status":"publish","type":"page","link":"https:\/\/www.r-editions.com\/","title":{"rendered":"Accueil"},"content":{"rendered":"\t\t<div data-elementor-type=\"wp-page\" data-elementor-id=\"2\" class=\"elementor elementor-2\">\n\t\t\t\t<div class=\"elementor-element elementor-element-7e6c6744 e-flex e-con-boxed wpr-particle-no wpr-jarallax-no wpr-parallax-no wpr-sticky-section-no e-con e-parent\" data-id=\"7e6c6744\" data-element_type=\"container\">\n\t\t\t\t\t<div class=\"e-con-inner\">\n\t\t\t\t<div class=\"elementor-element elementor-element-2e10ffbf elementor-widget elementor-widget-text-editor\" data-id=\"2e10ffbf\" data-element_type=\"widget\" data-widget_type=\"text-editor.default\">\n\t\t\t\t\t\t\t\t\t<h4><strong>\u2014 R \u00c9ditions, espace <\/strong><strong>de jeux, d&rsquo;analyses, d\u2019exp\u00e9rimentations graphiques<br \/>avec les gens et pour les gens.\u00a0<\/strong><\/h4><p><!-- \/wp:paragraph --><\/p>\t\t\t\t\t\t\t\t<\/div>\n\t\t\t\t\t<\/div>\n\t\t\t\t<\/div>\n\t\t<div class=\"elementor-element elementor-element-6c55eb8 e-flex e-con-boxed wpr-particle-no wpr-jarallax-no wpr-parallax-no wpr-sticky-section-no e-con e-parent\" data-id=\"6c55eb8\" data-element_type=\"container\">\n\t\t\t\t\t<div class=\"e-con-inner\">\n\t\t\t\t<div class=\"elementor-element elementor-element-83df7f5 elementor-widget-divider--view-line elementor-widget elementor-widget-divider\" data-id=\"83df7f5\" data-element_type=\"widget\" data-widget_type=\"divider.default\">\n\t\t\t\t\t\t\t<div class=\"elementor-divider\">\n\t\t\t<span class=\"elementor-divider-separator\">\n\t\t\t\t\t\t<\/span>\n\t\t<\/div>\n\t\t\t\t\t\t<\/div>\n\t\t\t\t\t<\/div>\n\t\t\t\t<\/div>\n\t\t<div class=\"elementor-element elementor-element-f0129e7 e-flex e-con-boxed wpr-particle-no wpr-jarallax-no wpr-parallax-no wpr-sticky-section-no e-con e-parent\" data-id=\"f0129e7\" data-element_type=\"container\">\n\t\t\t\t\t<div class=\"e-con-inner\">\n\t\t<div class=\"elementor-element elementor-element-8eaf370 e-con-full e-flex wpr-particle-no wpr-jarallax-no wpr-parallax-no wpr-sticky-section-no e-con e-child\" data-id=\"8eaf370\" data-element_type=\"container\">\n\t\t\t\t<div class=\"elementor-element elementor-element-9fc7eb3 elementor-widget elementor-widget-text-editor\" data-id=\"9fc7eb3\" data-element_type=\"widget\" data-widget_type=\"text-editor.default\">\n\t\t\t\t\t\t\t\t\t<h2><span style=\"text-decoration: underline;\">Les ateliers<\/span><\/h2><p><strong>La conception et l&rsquo;animation d&rsquo;atelier<\/strong> pour sensibiliser, encourager l&rsquo;expression, <strong>accompagner l&rsquo;humain<\/strong>.<\/p>\t\t\t\t\t\t\t\t<\/div>\n\t\t\t\t<\/div>\n\t\t<div class=\"elementor-element elementor-element-8f5e2b0 e-con-full e-flex wpr-particle-no wpr-jarallax-no wpr-parallax-no wpr-sticky-section-no e-con e-child\" data-id=\"8f5e2b0\" data-element_type=\"container\">\n\t\t\t\t<div class=\"elementor-element elementor-element-4690b26 elementor-widget elementor-widget-text-editor\" data-id=\"4690b26\" data-element_type=\"widget\" data-widget_type=\"text-editor.default\">\n\t\t\t\t\t\t\t\t\t<h2><span style=\"text-decoration: underline;\">Les outils<\/span><\/h2><p><strong>La conception d&rsquo;outils graphiques<\/strong> soit comme support de m\u00e9diation ludop\u00e9dagogique, soit, pour aider et accompagner, gr\u00e2ce au d\u00e9veloppement et la conception de <strong><span style=\"text-decoration: underline;\">l&rsquo;outil th\u00e9rapeutique \u00ab\u00a0JE\u00a0\u00bb<\/span><\/strong>.<\/p>\t\t\t\t\t\t\t\t<\/div>\n\t\t\t\t<\/div>\n\t\t<div class=\"elementor-element elementor-element-c4e63d8 e-con-full e-flex wpr-particle-no wpr-jarallax-no wpr-parallax-no wpr-sticky-section-no e-con e-child\" data-id=\"c4e63d8\" data-element_type=\"container\">\n\t\t\t\t<div class=\"elementor-element elementor-element-7ae3aa4 elementor-widget elementor-widget-text-editor\" data-id=\"7ae3aa4\" data-element_type=\"widget\" data-widget_type=\"text-editor.default\">\n\t\t\t\t\t\t\t\t\t<h2><span style=\"text-decoration: underline;\">Les cr\u00e9ations<\/span><\/h2><p><strong>Des objets imprim\u00e9s<br \/><\/strong>pour (m&rsquo;)amuser et \u00e0 (s&rsquo;)offrir.<\/p>\t\t\t\t\t\t\t\t<\/div>\n\t\t\t\t<\/div>\n\t\t\t\t\t<\/div>\n\t\t\t\t<\/div>\n\t\t\t\t<\/div>\n\t\t","protected":false},"excerpt":{"rendered":"<p>\u2014 R \u00c9ditions, espace de jeux, d&rsquo;analyses, d\u2019exp\u00e9rimentations graphiquesavec les gens et pour les gens.\u00a0 Les ateliers La conception et l&rsquo;animation d&rsquo;atelier pour sensibiliser, encourager l&rsquo;expression, accompagner l&rsquo;humain. Les outils La conception d&rsquo;outils graphiques soit comme support de m\u00e9diation ludop\u00e9dagogique, soit, pour aider et accompagner, gr\u00e2ce au d\u00e9veloppement et la conception de l&rsquo;outil th\u00e9rapeutique \u00ab\u00a0JE\u00a0\u00bb. Les cr\u00e9ations Des objets imprim\u00e9spour (m&rsquo;)amuser et \u00e0 (s&rsquo;)offrir.<\/p>\n","protected":false},"author":1,"featured_media":0,"parent":0,"menu_order":0,"comment_status":"closed","ping_status":"closed","template":"","meta":{"inline_featured_image":false,"footnotes":""},"class_list":["post-2","page","type-page","status-publish","hentry"],"yoast_head":"<!-- This site is optimized with the Yoast SEO plugin v25.9 - https:\/\/yoast.com\/wordpress\/plugins\/seo\/ -->\n<title>Accueil - R \u00e9ditions<\/title>\n<meta name=\"robots\" content=\"index, follow, max-snippet:-1, max-image-preview:large, max-video-preview:-1\" \/>\n<link rel=\"canonical\" href=\"https:\/\/www.r-editions.com\/\" \/>\n<meta property=\"og:locale\" content=\"fr_FR\" \/>\n<meta property=\"og:type\" content=\"article\" \/>\n<meta property=\"og:title\" content=\"Accueil - R \u00e9ditions\" \/>\n<meta property=\"og:description\" content=\"\u2014 R \u00c9ditions, espace de jeux, d&rsquo;analyses, d\u2019exp\u00e9rimentations graphiquesavec les gens et pour les gens.\u00a0 Les ateliers La conception et l&rsquo;animation d&rsquo;atelier pour sensibiliser, encourager l&rsquo;expression, accompagner l&rsquo;humain. Les outils La conception d&rsquo;outils graphiques soit comme support de m\u00e9diation ludop\u00e9dagogique, soit, pour aider et accompagner, gr\u00e2ce au d\u00e9veloppement et la conception de l&rsquo;outil th\u00e9rapeutique \u00ab\u00a0JE\u00a0\u00bb. Les cr\u00e9ations Des objets imprim\u00e9spour (m&rsquo;)amuser et \u00e0 (s&rsquo;)offrir.\" \/>\n<meta property=\"og:url\" content=\"https:\/\/www.r-editions.com\/\" \/>\n<meta property=\"og:site_name\" content=\"R \u00e9ditions\" \/>\n<meta property=\"article:modified_time\" content=\"2026-04-02T13:41:56+00:00\" \/>\n<meta name=\"twitter:card\" content=\"summary_large_image\" \/>\n<meta name=\"twitter:label1\" content=\"Dur\u00e9e de lecture estim\u00e9e\" \/>\n\t<meta name=\"twitter:data1\" content=\"1 minute\" \/>\n<script type=\"application\/ld+json\" class=\"yoast-schema-graph\">{\"@context\":\"https:\/\/schema.org\",\"@graph\":[{\"@type\":\"WebPage\",\"@id\":\"https:\/\/www.r-editions.com\/\",\"url\":\"https:\/\/www.r-editions.com\/\",\"name\":\"Accueil - R \u00e9ditions\",\"isPartOf\":{\"@id\":\"https:\/\/www.r-editions.com\/#website\"},\"datePublished\":\"2025-08-31T10:50:21+00:00\",\"dateModified\":\"2026-04-02T13:41:56+00:00\",\"breadcrumb\":{\"@id\":\"https:\/\/www.r-editions.com\/#breadcrumb\"},\"inLanguage\":\"fr-FR\",\"potentialAction\":[{\"@type\":\"ReadAction\",\"target\":[\"https:\/\/www.r-editions.com\/\"]}]},{\"@type\":\"BreadcrumbList\",\"@id\":\"https:\/\/www.r-editions.com\/#breadcrumb\",\"itemListElement\":[{\"@type\":\"ListItem\",\"position\":1,\"name\":\"Accueil\",\"item\":\"https:\/\/www.r-editions.com\/\"},{\"@type\":\"ListItem\",\"position\":2,\"name\":\"Accueil\"}]},{\"@type\":\"WebSite\",\"@id\":\"https:\/\/www.r-editions.com\/#website\",\"url\":\"https:\/\/www.r-editions.com\/\",\"name\":\"R \u00e9ditions\",\"description\":\"\",\"publisher\":{\"@id\":\"https:\/\/www.r-editions.com\/#organization\"},\"potentialAction\":[{\"@type\":\"SearchAction\",\"target\":{\"@type\":\"EntryPoint\",\"urlTemplate\":\"https:\/\/www.r-editions.com\/?s={search_term_string}\"},\"query-input\":{\"@type\":\"PropertyValueSpecification\",\"valueRequired\":true,\"valueName\":\"search_term_string\"}}],\"inLanguage\":\"fr-FR\"},{\"@type\":\"Organization\",\"@id\":\"https:\/\/www.r-editions.com\/#organization\",\"name\":\"R \u00e9ditions\",\"url\":\"https:\/\/www.r-editions.com\/\",\"logo\":{\"@type\":\"ImageObject\",\"inLanguage\":\"fr-FR\",\"@id\":\"https:\/\/www.r-editions.com\/#\/schema\/logo\/image\/\",\"url\":\"https:\/\/www.r-editions.com\/wp-content\/uploads\/2025\/09\/logotype_R.svg\",\"contentUrl\":\"https:\/\/www.r-editions.com\/wp-content\/uploads\/2025\/09\/logotype_R.svg\",\"width\":566,\"height\":283,\"caption\":\"R \u00e9ditions\"},\"image\":{\"@id\":\"https:\/\/www.r-editions.com\/#\/schema\/logo\/image\/\"}}]}<\/script>\n<!-- \/ Yoast SEO plugin. -->","yoast_head_json":{"title":"Accueil - R \u00e9ditions","robots":{"index":"index","follow":"follow","max-snippet":"max-snippet:-1","max-image-preview":"max-image-preview:large","max-video-preview":"max-video-preview:-1"},"canonical":"https:\/\/www.r-editions.com\/","og_locale":"fr_FR","og_type":"article","og_title":"Accueil - R \u00e9ditions","og_description":"\u2014 R \u00c9ditions, espace de jeux, d&rsquo;analyses, d\u2019exp\u00e9rimentations graphiquesavec les gens et pour les gens.\u00a0 Les ateliers La conception et l&rsquo;animation d&rsquo;atelier pour sensibiliser, encourager l&rsquo;expression, accompagner l&rsquo;humain. Les outils La conception d&rsquo;outils graphiques soit comme support de m\u00e9diation ludop\u00e9dagogique, soit, pour aider et accompagner, gr\u00e2ce au d\u00e9veloppement et la conception de l&rsquo;outil th\u00e9rapeutique \u00ab\u00a0JE\u00a0\u00bb. Les cr\u00e9ations Des objets imprim\u00e9spour (m&rsquo;)amuser et \u00e0 (s&rsquo;)offrir.","og_url":"https:\/\/www.r-editions.com\/","og_site_name":"R \u00e9ditions","article_modified_time":"2026-04-02T13:41:56+00:00","twitter_card":"summary_large_image","twitter_misc":{"Dur\u00e9e de lecture estim\u00e9e":"1 minute"},"schema":{"@context":"https:\/\/schema.org","@graph":[{"@type":"WebPage","@id":"https:\/\/www.r-editions.com\/","url":"https:\/\/www.r-editions.com\/","name":"Accueil - R \u00e9ditions","isPartOf":{"@id":"https:\/\/www.r-editions.com\/#website"},"datePublished":"2025-08-31T10:50:21+00:00","dateModified":"2026-04-02T13:41:56+00:00","breadcrumb":{"@id":"https:\/\/www.r-editions.com\/#breadcrumb"},"inLanguage":"fr-FR","potentialAction":[{"@type":"ReadAction","target":["https:\/\/www.r-editions.com\/"]}]},{"@type":"BreadcrumbList","@id":"https:\/\/www.r-editions.com\/#breadcrumb","itemListElement":[{"@type":"ListItem","position":1,"name":"Accueil","item":"https:\/\/www.r-editions.com\/"},{"@type":"ListItem","position":2,"name":"Accueil"}]},{"@type":"WebSite","@id":"https:\/\/www.r-editions.com\/#website","url":"https:\/\/www.r-editions.com\/","name":"R \u00e9ditions","description":"","publisher":{"@id":"https:\/\/www.r-editions.com\/#organization"},"potentialAction":[{"@type":"SearchAction","target":{"@type":"EntryPoint","urlTemplate":"https:\/\/www.r-editions.com\/?s={search_term_string}"},"query-input":{"@type":"PropertyValueSpecification","valueRequired":true,"valueName":"search_term_string"}}],"inLanguage":"fr-FR"},{"@type":"Organization","@id":"https:\/\/www.r-editions.com\/#organization","name":"R \u00e9ditions","url":"https:\/\/www.r-editions.com\/","logo":{"@type":"ImageObject","inLanguage":"fr-FR","@id":"https:\/\/www.r-editions.com\/#\/schema\/logo\/image\/","url":"https:\/\/www.r-editions.com\/wp-content\/uploads\/2025\/09\/logotype_R.svg","contentUrl":"https:\/\/www.r-editions.com\/wp-content\/uploads\/2025\/09\/logotype_R.svg","width":566,"height":283,"caption":"R \u00e9ditions"},"image":{"@id":"https:\/\/www.r-editions.com\/#\/schema\/logo\/image\/"}}]}},"_links":{"self":[{"href":"https:\/\/www.r-editions.com\/index.php\/wp-json\/wp\/v2\/pages\/2","targetHints":{"allow":["GET"]}}],"collection":[{"href":"https:\/\/www.r-editions.com\/index.php\/wp-json\/wp\/v2\/pages"}],"about":[{"href":"https:\/\/www.r-editions.com\/index.php\/wp-json\/wp\/v2\/types\/page"}],"author":[{"embeddable":true,"href":"https:\/\/www.r-editions.com\/index.php\/wp-json\/wp\/v2\/users\/1"}],"replies":[{"embeddable":true,"href":"https:\/\/www.r-editions.com\/index.php\/wp-json\/wp\/v2\/comments?post=2"}],"version-history":[{"count":140,"href":"https:\/\/www.r-editions.com\/index.php\/wp-json\/wp\/v2\/pages\/2\/revisions"}],"predecessor-version":[{"id":893,"href":"https:\/\/www.r-editions.com\/index.php\/wp-json\/wp\/v2\/pages\/2\/revisions\/893"}],"wp:attachment":[{"href":"https:\/\/www.r-editions.com\/index.php\/wp-json\/wp\/v2\/media?parent=2"}],"curies":[{"name":"wp","href":"https:\/\/api.w.org\/{rel}","templated":true}]}}