{"id":683,"date":"2026-03-24T12:39:58","date_gmt":"2026-03-24T11:39:58","guid":{"rendered":"https:\/\/www.r-editions.com\/?page_id=683"},"modified":"2026-04-02T14:45:26","modified_gmt":"2026-04-02T12:45:26","slug":"les-outils","status":"publish","type":"page","link":"https:\/\/www.r-editions.com\/index.php\/les-outils\/","title":{"rendered":"Les outils"},"content":{"rendered":"\t\t<div data-elementor-type=\"wp-page\" data-elementor-id=\"683\" class=\"elementor elementor-683\">\n\t\t\t\t<div class=\"elementor-element elementor-element-1158a1c e-flex e-con-boxed wpr-particle-no wpr-jarallax-no wpr-parallax-no wpr-sticky-section-no e-con e-parent\" data-id=\"1158a1c\" data-element_type=\"container\">\n\t\t\t\t\t<div class=\"e-con-inner\">\n\t\t<div class=\"elementor-element elementor-element-ba154e2 e-con-full e-flex wpr-particle-no wpr-jarallax-no wpr-parallax-no wpr-sticky-section-no e-con e-child\" data-id=\"ba154e2\" data-element_type=\"container\">\n\t\t\t\t<div class=\"elementor-element elementor-element-831e2c5 elementor-widget elementor-widget-text-editor\" data-id=\"831e2c5\" data-element_type=\"widget\" data-widget_type=\"text-editor.default\">\n\t\t\t\t\t\t\t\t\t<h2>Les outils graphiques<\/h2>\t\t\t\t\t\t\t\t<\/div>\n\t\t\t\t<div class=\"elementor-element elementor-element-478f06f elementor-widget elementor-widget-text-editor\" data-id=\"478f06f\" data-element_type=\"widget\" data-widget_type=\"text-editor.default\">\n\t\t\t\t\t\t\t\t\t<p><b>POUR ACCOMPAGNER L&rsquo;HUMAIN.<\/b><\/p>\t\t\t\t\t\t\t\t<\/div>\n\t\t\t\t<\/div>\n\t\t<div class=\"elementor-element elementor-element-45477b0 e-con-full e-flex wpr-particle-no wpr-jarallax-no wpr-parallax-no wpr-sticky-section-no e-con e-child\" data-id=\"45477b0\" data-element_type=\"container\">\n\t\t\t\t<div class=\"elementor-element elementor-element-61ee7ac elementor-widget elementor-widget-text-editor\" data-id=\"61ee7ac\" data-element_type=\"widget\" data-widget_type=\"text-editor.default\">\n\t\t\t\t\t\t\t\t\t<p>JE CON\u00c7OIS des outils visuels, \u00e0 manipuler, pour offrir une nouvelle alternative dans l&rsquo;accompagnement de l&rsquo;humain. Je crois au pouvoir de la mat\u00e9rialisation des pens\u00e9es pour mieux appr\u00e9hender le monde, les gens, soi. Provoquer l&rsquo;expression, autoriser l&rsquo;ext\u00e9riorisation, lib\u00e9rer la parole.\u00a0<\/p>\t\t\t\t\t\t\t\t<\/div>\n\t\t\t\t<\/div>\n\t\t\t\t\t<\/div>\n\t\t\t\t<\/div>\n\t\t<div class=\"elementor-element elementor-element-31972c6 e-flex e-con-boxed wpr-particle-no wpr-jarallax-no wpr-parallax-no wpr-sticky-section-no e-con e-parent\" data-id=\"31972c6\" data-element_type=\"container\">\n\t\t\t\t\t<div class=\"e-con-inner\">\n\t\t\t\t<div class=\"elementor-element elementor-element-cc5840e elementor-widget-divider--view-line elementor-widget elementor-widget-divider\" data-id=\"cc5840e\" data-element_type=\"widget\" data-widget_type=\"divider.default\">\n\t\t\t\t\t\t\t<div class=\"elementor-divider\">\n\t\t\t<span class=\"elementor-divider-separator\">\n\t\t\t\t\t\t<\/span>\n\t\t<\/div>\n\t\t\t\t\t\t<\/div>\n\t\t\t\t\t<\/div>\n\t\t\t\t<\/div>\n\t\t<div class=\"elementor-element elementor-element-480ae98 e-flex e-con-boxed wpr-particle-no wpr-jarallax-no wpr-parallax-no wpr-sticky-section-no e-con e-parent\" data-id=\"480ae98\" data-element_type=\"container\">\n\t\t\t\t\t<div class=\"e-con-inner\">\n\t\t<div class=\"elementor-element elementor-element-4bb025e e-con-full e-flex wpr-particle-no wpr-jarallax-no wpr-parallax-no wpr-sticky-section-no e-con e-child\" data-id=\"4bb025e\" data-element_type=\"container\">\n\t\t\t\t<div class=\"elementor-element elementor-element-16c2c39 elementor-widget elementor-widget-text-editor\" data-id=\"16c2c39\" data-element_type=\"widget\" data-widget_type=\"text-editor.default\">\n\t\t\t\t\t\t\t\t\t<h4>Chromosome-moi !<\/h4>\t\t\t\t\t\t\t\t<\/div>\n\t\t\t\t<div class=\"elementor-element elementor-element-487850d elementor-widget elementor-widget-text-editor\" data-id=\"487850d\" data-element_type=\"widget\" data-widget_type=\"text-editor.default\">\n\t\t\t\t\t\t\t\t\t<p><span style=\"font-size: 1rem;\">Jeu de cartes destin\u00e9 au coaching d&rsquo;\u00e9quipe, plus largement au coaching de groupe.<\/span><\/p><ul><li>27 cartes couleurs (Chromo)<\/li><li>50 cartes parties du corps (Some) &#8211; 21 yeux, 25 mains, 4 bouches.<\/li><\/ul><p>Chacun compose son propre chromosome ou celui d&rsquo;un de ses collaborateurs, pour mettre en valeur l&rsquo;image que l&rsquo;on a de soi et que les autres ont de nous (sa congruence ou non) puis dresser le portrait du groupe et ses m\u00e9caniques.<\/p><p><em>Bas\u00e9 sur l&rsquo;\u00e9tude des 16 personnalit\u00e9s d&rsquo;Isabelle Briggs Mayers (Carl Jung et de Catherine Cooks Briggs)<\/em><\/p>\t\t\t\t\t\t\t\t<\/div>\n\t\t\t\t<\/div>\n\t\t<div class=\"elementor-element elementor-element-73d8d74 e-con-full e-flex wpr-particle-no wpr-jarallax-no wpr-parallax-no wpr-sticky-section-no e-con e-child\" data-id=\"73d8d74\" data-element_type=\"container\">\n\t\t\t\t<div class=\"elementor-element elementor-element-2b6ba4e elementor-widget elementor-widget-image\" data-id=\"2b6ba4e\" data-element_type=\"widget\" data-widget_type=\"image.default\">\n\t\t\t\t\t\t\t\t\t\t\t\t\t\t\t<img fetchpriority=\"high\" decoding=\"async\" width=\"800\" height=\"800\" src=\"https:\/\/www.r-editions.com\/wp-content\/uploads\/2026\/03\/chromosome-moi-ok.svg\" class=\"attachment-large size-large wp-image-711\" alt=\"\" \/>\t\t\t\t\t\t\t\t\t\t\t\t\t\t\t<\/div>\n\t\t\t\t<\/div>\n\t\t\t\t\t<\/div>\n\t\t\t\t<\/div>\n\t\t<div class=\"elementor-element elementor-element-ebe2b63 e-flex e-con-boxed wpr-particle-no wpr-jarallax-no wpr-parallax-no wpr-sticky-section-no e-con e-parent\" data-id=\"ebe2b63\" data-element_type=\"container\">\n\t\t\t\t\t<div class=\"e-con-inner\">\n\t\t\t\t<div class=\"elementor-element elementor-element-8cfb363 elementor-widget-divider--view-line elementor-widget elementor-widget-divider\" data-id=\"8cfb363\" data-element_type=\"widget\" data-widget_type=\"divider.default\">\n\t\t\t\t\t\t\t<div class=\"elementor-divider\">\n\t\t\t<span class=\"elementor-divider-separator\">\n\t\t\t\t\t\t<\/span>\n\t\t<\/div>\n\t\t\t\t\t\t<\/div>\n\t\t\t\t\t<\/div>\n\t\t\t\t<\/div>\n\t\t<div class=\"elementor-element elementor-element-04997ae e-flex e-con-boxed wpr-particle-no wpr-jarallax-no wpr-parallax-no wpr-sticky-section-no e-con e-parent\" data-id=\"04997ae\" data-element_type=\"container\">\n\t\t\t\t\t<div class=\"e-con-inner\">\n\t\t<div class=\"elementor-element elementor-element-753bc8f e-con-full e-flex wpr-particle-no wpr-jarallax-no wpr-parallax-no wpr-sticky-section-no e-con e-child\" data-id=\"753bc8f\" data-element_type=\"container\">\n\t\t\t\t<div class=\"elementor-element elementor-element-380afcf elementor-widget elementor-widget-image\" data-id=\"380afcf\" data-element_type=\"widget\" data-widget_type=\"image.default\">\n\t\t\t\t\t\t\t\t\t\t\t\t\t\t\t<img decoding=\"async\" width=\"800\" height=\"800\" src=\"https:\/\/www.r-editions.com\/wp-content\/uploads\/2026\/03\/logotype_JE.svg\" class=\"attachment-large size-large wp-image-720\" alt=\"\" \/>\t\t\t\t\t\t\t\t\t\t\t\t\t\t\t<\/div>\n\t\t\t\t<div class=\"elementor-element elementor-element-02d98b0 elementor-widget elementor-widget-text-editor\" data-id=\"02d98b0\" data-element_type=\"widget\" data-widget_type=\"text-editor.default\">\n\t\t\t\t\t\t\t\t\t<h4>Pas de mots sur les maux ? \u00ab\u00a0JE\u00a0\u00bb les met en formes et en couleurs.<\/h4>\t\t\t\t\t\t\t\t<\/div>\n\t\t\t\t<div class=\"elementor-element elementor-element-6dcc16b elementor-widget elementor-widget-text-editor\" data-id=\"6dcc16b\" data-element_type=\"widget\" data-widget_type=\"text-editor.default\">\n\t\t\t\t\t\t\t\t\t<p><b>\u00ab\u00a0JE by R \u00c9ditions\u00a0\u00bb <\/b>est un outil visuel d&rsquo;aide \u00e0 l&rsquo;accompagnement th\u00e9rapeutique, destin\u00e9 aux th\u00e9rapeutes qui souhaitent int\u00e9grer un outil compl\u00e9mentaire dans leur pratique.<\/p><p><em>Outil \u00e9prouv\u00e9 et approuv\u00e9 par Sandie Fendeleur (Psychologue)<\/em><\/p><p>Marque d\u00e9pos\u00e9e &#8211; 2025<br \/>\u00a9 JE by R \u00c9ditions<\/p>\t\t\t\t\t\t\t\t<\/div>\n\t\t\t\t<\/div>\n\t\t<div class=\"elementor-element elementor-element-f480ba1 e-con-full e-flex wpr-particle-no wpr-jarallax-no wpr-parallax-no wpr-sticky-section-no e-con e-child\" data-id=\"f480ba1\" data-element_type=\"container\">\n\t\t\t\t<\/div>\n\t\t\t\t\t<\/div>\n\t\t\t\t<\/div>\n\t\t\t\t<\/div>\n\t\t","protected":false},"excerpt":{"rendered":"<p>Les outils graphiques POUR ACCOMPAGNER L&rsquo;HUMAIN. JE CON\u00c7OIS des outils visuels, \u00e0 manipuler, pour offrir une nouvelle alternative dans l&rsquo;accompagnement de l&rsquo;humain. Je crois au pouvoir de la mat\u00e9rialisation des pens\u00e9es pour mieux appr\u00e9hender le monde, les gens, soi. Provoquer l&rsquo;expression, autoriser l&rsquo;ext\u00e9riorisation, lib\u00e9rer la parole.\u00a0 Chromosome-moi ! Jeu de cartes destin\u00e9 au coaching d&rsquo;\u00e9quipe, plus largement au coaching de groupe. 27 cartes couleurs (Chromo) 50 cartes parties du corps (Some) &#8211; 21 yeux, 25 mains, 4 bouches. Chacun compose son propre chromosome ou celui d&rsquo;un de ses collaborateurs, pour mettre en valeur l&rsquo;image que l&rsquo;on a de soi et que les autres ont de nous (sa congruence ou non) puis dresser le portrait du groupe et ses m\u00e9caniques. Bas\u00e9 sur l&rsquo;\u00e9tude des 16 personnalit\u00e9s d&rsquo;Isabelle Briggs Mayers (Carl Jung et de Catherine Cooks Briggs) Pas de mots sur les maux ? \u00ab\u00a0JE\u00a0\u00bb les met en formes et en couleurs. \u00ab\u00a0JE by R \u00c9ditions\u00a0\u00bb est un outil visuel d&rsquo;aide \u00e0 l&rsquo;accompagnement th\u00e9rapeutique, destin\u00e9 aux th\u00e9rapeutes qui souhaitent int\u00e9grer un outil compl\u00e9mentaire dans leur pratique. Outil \u00e9prouv\u00e9 et approuv\u00e9 par Sandie Fendeleur (Psychologue) Marque d\u00e9pos\u00e9e &#8211; 2025\u00a9 JE by R \u00c9ditions<\/p>\n","protected":false},"author":1,"featured_media":0,"parent":0,"menu_order":0,"comment_status":"closed","ping_status":"closed","template":"","meta":{"inline_featured_image":false,"footnotes":""},"class_list":["post-683","page","type-page","status-publish","hentry"],"yoast_head":"<!-- This site is optimized with the Yoast SEO plugin v25.9 - https:\/\/yoast.com\/wordpress\/plugins\/seo\/ -->\n<title>Les outils - R \u00e9ditions<\/title>\n<meta name=\"robots\" content=\"index, follow, max-snippet:-1, max-image-preview:large, max-video-preview:-1\" \/>\n<link rel=\"canonical\" href=\"https:\/\/www.r-editions.com\/index.php\/les-outils\/\" \/>\n<meta property=\"og:locale\" content=\"fr_FR\" \/>\n<meta property=\"og:type\" content=\"article\" \/>\n<meta property=\"og:title\" content=\"Les outils - R \u00e9ditions\" \/>\n<meta property=\"og:description\" content=\"Les outils graphiques POUR ACCOMPAGNER L&rsquo;HUMAIN. JE CON\u00c7OIS des outils visuels, \u00e0 manipuler, pour offrir une nouvelle alternative dans l&rsquo;accompagnement de l&rsquo;humain. Je crois au pouvoir de la mat\u00e9rialisation des pens\u00e9es pour mieux appr\u00e9hender le monde, les gens, soi. Provoquer l&rsquo;expression, autoriser l&rsquo;ext\u00e9riorisation, lib\u00e9rer la parole.\u00a0 Chromosome-moi ! Jeu de cartes destin\u00e9 au coaching d&rsquo;\u00e9quipe, plus largement au coaching de groupe. 27 cartes couleurs (Chromo) 50 cartes parties du corps (Some) &#8211; 21 yeux, 25 mains, 4 bouches. Chacun compose son propre chromosome ou celui d&rsquo;un de ses collaborateurs, pour mettre en valeur l&rsquo;image que l&rsquo;on a de soi et que les autres ont de nous (sa congruence ou non) puis dresser le portrait du groupe et ses m\u00e9caniques. Bas\u00e9 sur l&rsquo;\u00e9tude des 16 personnalit\u00e9s d&rsquo;Isabelle Briggs Mayers (Carl Jung et de Catherine Cooks Briggs) Pas de mots sur les maux ? \u00ab\u00a0JE\u00a0\u00bb les met en formes et en couleurs. \u00ab\u00a0JE by R \u00c9ditions\u00a0\u00bb est un outil visuel d&rsquo;aide \u00e0 l&rsquo;accompagnement th\u00e9rapeutique, destin\u00e9 aux th\u00e9rapeutes qui souhaitent int\u00e9grer un outil compl\u00e9mentaire dans leur pratique. Outil \u00e9prouv\u00e9 et approuv\u00e9 par Sandie Fendeleur (Psychologue) Marque d\u00e9pos\u00e9e &#8211; 2025\u00a9 JE by R \u00c9ditions\" \/>\n<meta property=\"og:url\" content=\"https:\/\/www.r-editions.com\/index.php\/les-outils\/\" \/>\n<meta property=\"og:site_name\" content=\"R \u00e9ditions\" \/>\n<meta property=\"article:modified_time\" content=\"2026-04-02T12:45:26+00:00\" \/>\n<meta name=\"twitter:card\" content=\"summary_large_image\" \/>\n<meta name=\"twitter:label1\" content=\"Dur\u00e9e de lecture estim\u00e9e\" \/>\n\t<meta name=\"twitter:data1\" content=\"1 minute\" \/>\n<script type=\"application\/ld+json\" class=\"yoast-schema-graph\">{\"@context\":\"https:\/\/schema.org\",\"@graph\":[{\"@type\":\"WebPage\",\"@id\":\"https:\/\/www.r-editions.com\/index.php\/les-outils\/\",\"url\":\"https:\/\/www.r-editions.com\/index.php\/les-outils\/\",\"name\":\"Les outils - R \u00e9ditions\",\"isPartOf\":{\"@id\":\"https:\/\/www.r-editions.com\/#website\"},\"primaryImageOfPage\":{\"@id\":\"https:\/\/www.r-editions.com\/index.php\/les-outils\/#primaryimage\"},\"image\":{\"@id\":\"https:\/\/www.r-editions.com\/index.php\/les-outils\/#primaryimage\"},\"thumbnailUrl\":\"https:\/\/www.r-editions.com\/wp-content\/uploads\/2026\/03\/chromosome-moi-ok.svg\",\"datePublished\":\"2026-03-24T11:39:58+00:00\",\"dateModified\":\"2026-04-02T12:45:26+00:00\",\"breadcrumb\":{\"@id\":\"https:\/\/www.r-editions.com\/index.php\/les-outils\/#breadcrumb\"},\"inLanguage\":\"fr-FR\",\"potentialAction\":[{\"@type\":\"ReadAction\",\"target\":[\"https:\/\/www.r-editions.com\/index.php\/les-outils\/\"]}]},{\"@type\":\"ImageObject\",\"inLanguage\":\"fr-FR\",\"@id\":\"https:\/\/www.r-editions.com\/index.php\/les-outils\/#primaryimage\",\"url\":\"https:\/\/www.r-editions.com\/wp-content\/uploads\/2026\/03\/chromosome-moi-ok.svg\",\"contentUrl\":\"https:\/\/www.r-editions.com\/wp-content\/uploads\/2026\/03\/chromosome-moi-ok.svg\",\"width\":822,\"height\":1190},{\"@type\":\"BreadcrumbList\",\"@id\":\"https:\/\/www.r-editions.com\/index.php\/les-outils\/#breadcrumb\",\"itemListElement\":[{\"@type\":\"ListItem\",\"position\":1,\"name\":\"Accueil\",\"item\":\"https:\/\/www.r-editions.com\/\"},{\"@type\":\"ListItem\",\"position\":2,\"name\":\"Les outils\"}]},{\"@type\":\"WebSite\",\"@id\":\"https:\/\/www.r-editions.com\/#website\",\"url\":\"https:\/\/www.r-editions.com\/\",\"name\":\"R \u00e9ditions\",\"description\":\"\",\"publisher\":{\"@id\":\"https:\/\/www.r-editions.com\/#organization\"},\"potentialAction\":[{\"@type\":\"SearchAction\",\"target\":{\"@type\":\"EntryPoint\",\"urlTemplate\":\"https:\/\/www.r-editions.com\/?s={search_term_string}\"},\"query-input\":{\"@type\":\"PropertyValueSpecification\",\"valueRequired\":true,\"valueName\":\"search_term_string\"}}],\"inLanguage\":\"fr-FR\"},{\"@type\":\"Organization\",\"@id\":\"https:\/\/www.r-editions.com\/#organization\",\"name\":\"R \u00e9ditions\",\"url\":\"https:\/\/www.r-editions.com\/\",\"logo\":{\"@type\":\"ImageObject\",\"inLanguage\":\"fr-FR\",\"@id\":\"https:\/\/www.r-editions.com\/#\/schema\/logo\/image\/\",\"url\":\"https:\/\/www.r-editions.com\/wp-content\/uploads\/2025\/09\/logotype_R.svg\",\"contentUrl\":\"https:\/\/www.r-editions.com\/wp-content\/uploads\/2025\/09\/logotype_R.svg\",\"width\":566,\"height\":283,\"caption\":\"R \u00e9ditions\"},\"image\":{\"@id\":\"https:\/\/www.r-editions.com\/#\/schema\/logo\/image\/\"}}]}<\/script>\n<!-- \/ Yoast SEO plugin. -->","yoast_head_json":{"title":"Les outils - R \u00e9ditions","robots":{"index":"index","follow":"follow","max-snippet":"max-snippet:-1","max-image-preview":"max-image-preview:large","max-video-preview":"max-video-preview:-1"},"canonical":"https:\/\/www.r-editions.com\/index.php\/les-outils\/","og_locale":"fr_FR","og_type":"article","og_title":"Les outils - R \u00e9ditions","og_description":"Les outils graphiques POUR ACCOMPAGNER L&rsquo;HUMAIN. JE CON\u00c7OIS des outils visuels, \u00e0 manipuler, pour offrir une nouvelle alternative dans l&rsquo;accompagnement de l&rsquo;humain. Je crois au pouvoir de la mat\u00e9rialisation des pens\u00e9es pour mieux appr\u00e9hender le monde, les gens, soi. Provoquer l&rsquo;expression, autoriser l&rsquo;ext\u00e9riorisation, lib\u00e9rer la parole.\u00a0 Chromosome-moi ! Jeu de cartes destin\u00e9 au coaching d&rsquo;\u00e9quipe, plus largement au coaching de groupe. 27 cartes couleurs (Chromo) 50 cartes parties du corps (Some) &#8211; 21 yeux, 25 mains, 4 bouches. Chacun compose son propre chromosome ou celui d&rsquo;un de ses collaborateurs, pour mettre en valeur l&rsquo;image que l&rsquo;on a de soi et que les autres ont de nous (sa congruence ou non) puis dresser le portrait du groupe et ses m\u00e9caniques. Bas\u00e9 sur l&rsquo;\u00e9tude des 16 personnalit\u00e9s d&rsquo;Isabelle Briggs Mayers (Carl Jung et de Catherine Cooks Briggs) Pas de mots sur les maux ? \u00ab\u00a0JE\u00a0\u00bb les met en formes et en couleurs. \u00ab\u00a0JE by R \u00c9ditions\u00a0\u00bb est un outil visuel d&rsquo;aide \u00e0 l&rsquo;accompagnement th\u00e9rapeutique, destin\u00e9 aux th\u00e9rapeutes qui souhaitent int\u00e9grer un outil compl\u00e9mentaire dans leur pratique. Outil \u00e9prouv\u00e9 et approuv\u00e9 par Sandie Fendeleur (Psychologue) Marque d\u00e9pos\u00e9e &#8211; 2025\u00a9 JE by R \u00c9ditions","og_url":"https:\/\/www.r-editions.com\/index.php\/les-outils\/","og_site_name":"R \u00e9ditions","article_modified_time":"2026-04-02T12:45:26+00:00","twitter_card":"summary_large_image","twitter_misc":{"Dur\u00e9e de lecture estim\u00e9e":"1 minute"},"schema":{"@context":"https:\/\/schema.org","@graph":[{"@type":"WebPage","@id":"https:\/\/www.r-editions.com\/index.php\/les-outils\/","url":"https:\/\/www.r-editions.com\/index.php\/les-outils\/","name":"Les outils - R \u00e9ditions","isPartOf":{"@id":"https:\/\/www.r-editions.com\/#website"},"primaryImageOfPage":{"@id":"https:\/\/www.r-editions.com\/index.php\/les-outils\/#primaryimage"},"image":{"@id":"https:\/\/www.r-editions.com\/index.php\/les-outils\/#primaryimage"},"thumbnailUrl":"https:\/\/www.r-editions.com\/wp-content\/uploads\/2026\/03\/chromosome-moi-ok.svg","datePublished":"2026-03-24T11:39:58+00:00","dateModified":"2026-04-02T12:45:26+00:00","breadcrumb":{"@id":"https:\/\/www.r-editions.com\/index.php\/les-outils\/#breadcrumb"},"inLanguage":"fr-FR","potentialAction":[{"@type":"ReadAction","target":["https:\/\/www.r-editions.com\/index.php\/les-outils\/"]}]},{"@type":"ImageObject","inLanguage":"fr-FR","@id":"https:\/\/www.r-editions.com\/index.php\/les-outils\/#primaryimage","url":"https:\/\/www.r-editions.com\/wp-content\/uploads\/2026\/03\/chromosome-moi-ok.svg","contentUrl":"https:\/\/www.r-editions.com\/wp-content\/uploads\/2026\/03\/chromosome-moi-ok.svg","width":822,"height":1190},{"@type":"BreadcrumbList","@id":"https:\/\/www.r-editions.com\/index.php\/les-outils\/#breadcrumb","itemListElement":[{"@type":"ListItem","position":1,"name":"Accueil","item":"https:\/\/www.r-editions.com\/"},{"@type":"ListItem","position":2,"name":"Les outils"}]},{"@type":"WebSite","@id":"https:\/\/www.r-editions.com\/#website","url":"https:\/\/www.r-editions.com\/","name":"R \u00e9ditions","description":"","publisher":{"@id":"https:\/\/www.r-editions.com\/#organization"},"potentialAction":[{"@type":"SearchAction","target":{"@type":"EntryPoint","urlTemplate":"https:\/\/www.r-editions.com\/?s={search_term_string}"},"query-input":{"@type":"PropertyValueSpecification","valueRequired":true,"valueName":"search_term_string"}}],"inLanguage":"fr-FR"},{"@type":"Organization","@id":"https:\/\/www.r-editions.com\/#organization","name":"R \u00e9ditions","url":"https:\/\/www.r-editions.com\/","logo":{"@type":"ImageObject","inLanguage":"fr-FR","@id":"https:\/\/www.r-editions.com\/#\/schema\/logo\/image\/","url":"https:\/\/www.r-editions.com\/wp-content\/uploads\/2025\/09\/logotype_R.svg","contentUrl":"https:\/\/www.r-editions.com\/wp-content\/uploads\/2025\/09\/logotype_R.svg","width":566,"height":283,"caption":"R \u00e9ditions"},"image":{"@id":"https:\/\/www.r-editions.com\/#\/schema\/logo\/image\/"}}]}},"_links":{"self":[{"href":"https:\/\/www.r-editions.com\/index.php\/wp-json\/wp\/v2\/pages\/683","targetHints":{"allow":["GET"]}}],"collection":[{"href":"https:\/\/www.r-editions.com\/index.php\/wp-json\/wp\/v2\/pages"}],"about":[{"href":"https:\/\/www.r-editions.com\/index.php\/wp-json\/wp\/v2\/types\/page"}],"author":[{"embeddable":true,"href":"https:\/\/www.r-editions.com\/index.php\/wp-json\/wp\/v2\/users\/1"}],"replies":[{"embeddable":true,"href":"https:\/\/www.r-editions.com\/index.php\/wp-json\/wp\/v2\/comments?post=683"}],"version-history":[{"count":46,"href":"https:\/\/www.r-editions.com\/index.php\/wp-json\/wp\/v2\/pages\/683\/revisions"}],"predecessor-version":[{"id":869,"href":"https:\/\/www.r-editions.com\/index.php\/wp-json\/wp\/v2\/pages\/683\/revisions\/869"}],"wp:attachment":[{"href":"https:\/\/www.r-editions.com\/index.php\/wp-json\/wp\/v2\/media?parent=683"}],"curies":[{"name":"wp","href":"https:\/\/api.w.org\/{rel}","templated":true}]}}